{"id":4589,"date":"2025-05-04T11:00:23","date_gmt":"2025-05-04T11:00:23","guid":{"rendered":"https:\/\/tueso.co\/iletisim\/"},"modified":"2025-11-29T07:04:29","modified_gmt":"2025-11-29T07:04:29","slug":"contact","status":"publish","type":"page","link":"https:\/\/tueso.co\/en\/contact\/","title":{"rendered":"Contact"},"content":{"rendered":"\t\t<div data-elementor-type=\"wp-page\" data-elementor-id=\"4589\" class=\"elementor elementor-4589\" data-elementor-post-type=\"page\">\n\t\t\t\t<div class=\"elementor-element elementor-element-a597c40 e-con-full animat-zoom-out e-flex e-con e-parent\" data-id=\"a597c40\" data-element_type=\"container\">\n\t\t\t\t<div class=\"elementor-element elementor-element-fa246af elementor-widget elementor-widget-Img_Banner\" data-id=\"fa246af\" data-element_type=\"widget\" data-widget_type=\"Img_Banner.default\">\n\t\t\t\t<div class=\"elementor-widget-container\">\n\t\t\t\t\t        \r\n                    <div class=\"overflow-hidden\">\r\n                <div class=\"banner-img img-animation animation-zoom-out\" data-cues=\"fadeInUp\">\r\n                    <img decoding=\"async\" src=\"https:\/\/tueso.co\/wp-content\/uploads\/2024\/10\/banner-img-6-scaled.webp\" alt=\"images\">\r\n                <\/div>\r\n            <\/div>\r\n                \r\n        \t\t\t\t<\/div>\n\t\t\t\t<\/div>\n\t\t\t\t<\/div>\n\t\t<div class=\"elementor-element elementor-element-0bb80d1 banner-content-wrap e-flex e-con-boxed e-con e-parent\" data-id=\"0bb80d1\" data-element_type=\"container\">\n\t\t\t\t\t<div class=\"e-con-inner\">\n\t\t<div class=\"elementor-element elementor-element-677b30f e-con-full e-flex e-con e-child\" data-id=\"677b30f\" data-element_type=\"container\">\n\t\t\t\t<div class=\"elementor-element elementor-element-9e8aa1e elementor-widget elementor-widget-Banner_Left_Content\" data-id=\"9e8aa1e\" data-element_type=\"widget\" data-widget_type=\"Banner_Left_Content.default\">\n\t\t\t\t<div class=\"elementor-widget-container\">\n\t\t\t\t\t            \r\n            <div class=\"banner-content text-start\" data-cues=\"fadeInUp\" data-group=\"images\">\r\n                                    <span class=\"top-title\">Contact<\/span>\r\n                                <h2>\r\n                    Contact Us                <\/h2>\r\n            <\/div>\r\n\r\n        \t\t\t\t<\/div>\n\t\t\t\t<\/div>\n\t\t\t\t<\/div>\n\t\t<div class=\"elementor-element elementor-element-4b91dd6 e-con-full e-flex e-con e-child\" data-id=\"4b91dd6\" data-element_type=\"container\">\n\t\t\t\t<div class=\"elementor-element elementor-element-8600f0a elementor-widget elementor-widget-text-editor\" data-id=\"8600f0a\" data-element_type=\"widget\" data-widget_type=\"text-editor.default\">\n\t\t\t\t<div class=\"elementor-widget-container\">\n\t\t\t\t\t\t\t\t\t<p>At Tueso, we are always happy to assist you. You can contact us regarding our products, solutions, or partnership proposals.<\/p>\t\t\t\t\t\t\t\t<\/div>\n\t\t\t\t<\/div>\n\t\t\t\t<\/div>\n\t\t\t\t\t<\/div>\n\t\t\t\t<\/div>\n\t\t<div class=\"elementor-element elementor-element-3ab28cf e-flex e-con-boxed e-con e-parent\" data-id=\"3ab28cf\" data-element_type=\"container\">\n\t\t\t\t\t<div class=\"e-con-inner\">\n\t\t<div class=\"elementor-element elementor-element-f511210 e-con-full e-flex e-con e-child\" data-id=\"f511210\" data-element_type=\"container\">\n\t\t\t\t<div class=\"elementor-element elementor-element-6de21ba elementor-widget elementor-widget-text-editor\" data-id=\"6de21ba\" data-element_type=\"widget\" data-widget_type=\"text-editor.default\">\n\t\t\t\t<div class=\"elementor-widget-container\">\n\t\t\t\t\t\t\t\t\t<h4><span style=\"color: #971b2f;\"><strong>Address:<\/strong><\/span><\/h4><p>Cihangir Mh. G\u00fcvercin Cd. Aktim 3 \u0130\u015f Merkezi No: 109 Avc\u0131lar \/ \u0130stanbul<\/p><h4><strong><span style=\"color: #971b2f;\">Phone:<\/span><\/strong><\/h4><p>+90 538 065 59 56<\/p><h4><strong><span style=\"color: #971b2f;\">E-Mail:<\/span><\/strong><\/h4><p>info@tueso.co<\/p>\t\t\t\t\t\t\t\t<\/div>\n\t\t\t\t<\/div>\n\t\t\t\t<div class=\"elementor-element elementor-element-c096f2b elementor-widget elementor-widget-google_maps\" data-id=\"c096f2b\" data-element_type=\"widget\" data-widget_type=\"google_maps.default\">\n\t\t\t\t<div class=\"elementor-widget-container\">\n\t\t\t\t\t\t\t<div class=\"elementor-custom-embed\">\n\t\t\t<iframe loading=\"lazy\"\n\t\t\t\t\tsrc=\"https:\/\/maps.google.com\/maps?q=Aktim%203&#038;t=m&#038;z=15&#038;output=embed&#038;iwloc=near\"\n\t\t\t\t\ttitle=\"Aktim 3\"\n\t\t\t\t\taria-label=\"Aktim 3\"\n\t\t\t><\/iframe>\n\t\t<\/div>\n\t\t\t\t\t\t<\/div>\n\t\t\t\t<\/div>\n\t\t\t\t<\/div>\n\t\t<div class=\"elementor-element elementor-element-d994782 e-con-full e-flex e-con e-child\" data-id=\"d994782\" data-element_type=\"container\">\n\t\t\t\t<div class=\"elementor-element elementor-element-a6e8f7a elementor-widget elementor-widget-shortcode\" data-id=\"a6e8f7a\" data-element_type=\"widget\" data-widget_type=\"shortcode.default\">\n\t\t\t\t<div class=\"elementor-widget-container\">\n\t\t\t\t\t\t\t<div class=\"elementor-shortcode\">\n<div class=\"wpcf7 no-js\" id=\"wpcf7-f597-o1\" lang=\"en-US\" dir=\"ltr\" data-wpcf7-id=\"597\">\n<div class=\"screen-reader-response\"><p role=\"status\" aria-live=\"polite\" aria-atomic=\"true\"><\/p> <ul><\/ul><\/div>\n<form action=\"\/en\/wp-json\/wp\/v2\/pages\/4589#wpcf7-f597-o1\" method=\"post\" class=\"wpcf7-form init\" aria-label=\"Contact form\" novalidate=\"novalidate\" data-status=\"init\">\n<fieldset class=\"hidden-fields-container\"><input type=\"hidden\" name=\"_wpcf7\" value=\"597\" \/><input type=\"hidden\" name=\"_wpcf7_version\" value=\"6.1.4\" \/><input type=\"hidden\" name=\"_wpcf7_locale\" value=\"en_US\" \/><input type=\"hidden\" name=\"_wpcf7_unit_tag\" value=\"wpcf7-f597-o1\" \/><input type=\"hidden\" name=\"_wpcf7_container_post\" value=\"0\" \/><input type=\"hidden\" name=\"_wpcf7_posted_data_hash\" value=\"\" \/>\n<\/fieldset>\n<div class=\"row\">\n    <div class=\"col-lg-6 col-sm-6\">\n        <div class=\"form-group\">\n            <label class=\"label\">Ad\u0131n\u0131z<\/label>\n            <span class=\"wpcf7-form-control-wrap\" data-name=\"yourname\"><input size=\"40\" maxlength=\"400\" class=\"wpcf7-form-control wpcf7-text wpcf7-validates-as-required form-control\" aria-required=\"true\" aria-invalid=\"false\" placeholder=\"Ad\u0131n\u0131z\u0131 girin\" value=\"\" type=\"text\" name=\"yourname\" \/><\/span>\n        <\/div>\n    <\/div>\n    <div class=\"col-lg-6 col-sm-6\">\n        <div class=\"form-group\">\n            <label class=\"label\">Telefon<\/label>\n            <span class=\"wpcf7-form-control-wrap\" data-name=\"yourphone\"><input size=\"40\" maxlength=\"400\" class=\"wpcf7-form-control wpcf7-tel wpcf7-validates-as-required wpcf7-text wpcf7-validates-as-tel form-control\" aria-required=\"true\" aria-invalid=\"false\" placeholder=\"Telefon numaran\u0131z\" value=\"\" type=\"tel\" name=\"yourphone\" \/><\/span>\n        <\/div>\n    <\/div>\n    <div class=\"col-lg-12\">\n        <div class=\"form-group\">\n            <label class=\"label\">E-posta<\/label>\n            <span class=\"wpcf7-form-control-wrap\" data-name=\"youremail\"><input size=\"40\" maxlength=\"400\" class=\"wpcf7-form-control wpcf7-email wpcf7-validates-as-required wpcf7-text wpcf7-validates-as-email form-control\" aria-required=\"true\" aria-invalid=\"false\" placeholder=\"E-posta adresiniz\" value=\"\" type=\"email\" name=\"youremail\" \/><\/span>\n        <\/div>\n    <\/div>\n    <div class=\"col-lg-12\">\n        <div class=\"form-group\">\n            <label class=\"label\">Konu<\/label>\n            <span class=\"wpcf7-form-control-wrap\" data-name=\"subject\"><input size=\"40\" maxlength=\"400\" class=\"wpcf7-form-control wpcf7-text wpcf7-validates-as-required form-control\" aria-required=\"true\" aria-invalid=\"false\" placeholder=\"Konu ba\u015fl\u0131\u011f\u0131\" value=\"\" type=\"text\" name=\"subject\" \/><\/span>\n        <\/div>\n    <\/div>\n    <div class=\"col-lg-12\">\n        <div class=\"form-group\">\n            <label class=\"label\">Mesaj\u0131n\u0131z<\/label>\n            <span class=\"wpcf7-form-control-wrap\" data-name=\"message\"><textarea cols=\"40\" rows=\"10\" maxlength=\"2000\" class=\"wpcf7-form-control wpcf7-textarea wpcf7-validates-as-required form-control\" aria-required=\"true\" aria-invalid=\"false\" placeholder=\"Mesaj\u0131n\u0131z\u0131 buraya yaz\u0131n\" name=\"message\"><\/textarea><\/span>\n        <\/div>\n    <\/div>\n    <div class=\"col-lg-12\">\n        <div class=\"form-group mb-0\">\n            <button type=\"submit\" class=\"default-btn\">\n    <div class=\"icon-right\">\n        G\u00f6nder\n        <div class=\"one\">\n            <svg xmlns=\"http:\/\/www.w3.org\/2000\/svg\" width=\"10\" height=\"18\" viewBox=\"0 0 10 18\" fill=\"none\">\n                <path d=\"M0.983998 0L0.0452881 0.935617L8.08343 9L0.0452881 17.0644L0.983998 18L9.95471 9L0.983998 0Z\" fill=\"white\"><\/path>\n            <\/svg>\n        <\/div>\n        <div class=\"two\">\n            <svg xmlns=\"http:\/\/www.w3.org\/2000\/svg\" width=\"10\" height=\"18\" viewBox=\"0 0 10 18\" fill=\"none\">\n                <path d=\"M0.983998 0L0.0452881 0.935617L8.08343 9L0.0452881 17.0644L0.983998 18L9.95471 9L0.983998 0Z\" fill=\"white\"><\/path>\n            <\/svg>\n        <\/div>\n    <\/div>\n<\/button>\n        <\/div>\n    <\/div>\n<\/div><div class=\"wpcf7-response-output\" aria-hidden=\"true\"><\/div>\n<\/form>\n<\/div>\n<\/div>\n\t\t\t\t\t\t<\/div>\n\t\t\t\t<\/div>\n\t\t\t\t<\/div>\n\t\t\t\t\t<\/div>\n\t\t\t\t<\/div>\n\t\t\t\t<\/div>\n\t\t","protected":false},"excerpt":{"rendered":"<p>Contact Contact Us At Tueso, we are always happy to assist you. You can contact us regarding our products, solutions, or partnership proposals. Address: Cihangir Mh. G\u00fcvercin Cd. Aktim 3 \u0130\u015f Merkezi No: 109 Avc\u0131lar \/ \u0130stanbul Phone: +90 538 065 59 56 E-Mail: info@tueso.co<\/p>\n","protected":false},"author":1,"featured_media":0,"parent":0,"menu_order":0,"comment_status":"closed","ping_status":"closed","template":"","meta":{"_acf_changed":false,"footnotes":""},"class_list":["post-4589","page","type-page","status-publish","hentry"],"acf":[],"_links":{"self":[{"href":"https:\/\/tueso.co\/en\/wp-json\/wp\/v2\/pages\/4589","targetHints":{"allow":["GET"]}}],"collection":[{"href":"https:\/\/tueso.co\/en\/wp-json\/wp\/v2\/pages"}],"about":[{"href":"https:\/\/tueso.co\/en\/wp-json\/wp\/v2\/types\/page"}],"author":[{"embeddable":true,"href":"https:\/\/tueso.co\/en\/wp-json\/wp\/v2\/users\/1"}],"replies":[{"embeddable":true,"href":"https:\/\/tueso.co\/en\/wp-json\/wp\/v2\/comments?post=4589"}],"version-history":[{"count":4,"href":"https:\/\/tueso.co\/en\/wp-json\/wp\/v2\/pages\/4589\/revisions"}],"predecessor-version":[{"id":4593,"href":"https:\/\/tueso.co\/en\/wp-json\/wp\/v2\/pages\/4589\/revisions\/4593"}],"wp:attachment":[{"href":"https:\/\/tueso.co\/en\/wp-json\/wp\/v2\/media?parent=4589"}],"curies":[{"name":"wp","href":"https:\/\/api.w.org\/{rel}","templated":true}]}}