{"id":4859,"date":"2025-05-07T06:02:02","date_gmt":"2025-05-07T06:02:02","guid":{"rendered":"https:\/\/tueso.co\/hakkimizda\/"},"modified":"2026-01-03T11:01:05","modified_gmt":"2026-01-03T11:01:05","slug":"about-us","status":"publish","type":"page","link":"https:\/\/tueso.co\/en\/about-us\/","title":{"rendered":"About Us"},"content":{"rendered":"\t\t<div data-elementor-type=\"wp-page\" data-elementor-id=\"4859\" class=\"elementor elementor-4859\" data-elementor-post-type=\"page\">\n\t\t\t\t<div class=\"elementor-element elementor-element-c9cabae e-con-full animat-zoom-out e-flex e-con e-parent\" data-id=\"c9cabae\" data-element_type=\"container\">\n\t\t\t\t<div class=\"elementor-element elementor-element-9139273 elementor-widget elementor-widget-Img_Banner\" data-id=\"9139273\" data-element_type=\"widget\" data-widget_type=\"Img_Banner.default\">\n\t\t\t\t<div class=\"elementor-widget-container\">\n\t\t\t\t\t        \r\n                    <div class=\"overflow-hidden\">\r\n                <div class=\"banner-img img-animation animation-zoom-out\" data-cues=\"fadeInUp\">\r\n                    <img decoding=\"async\" src=\"https:\/\/tueso.co\/wp-content\/uploads\/2025\/12\/iletisim-01.webp\" alt=\"images\">\r\n                <\/div>\r\n            <\/div>\r\n                \r\n        \t\t\t\t<\/div>\n\t\t\t\t<\/div>\n\t\t\t\t<\/div>\n\t\t<div class=\"elementor-element elementor-element-4f0dd6d banner-content-wrap elementor-hidden-desktop elementor-hidden-laptop elementor-hidden-tablet elementor-hidden-mobile_extra elementor-hidden-mobile e-flex e-con-boxed e-con e-parent\" data-id=\"4f0dd6d\" data-element_type=\"container\">\n\t\t\t\t\t<div class=\"e-con-inner\">\n\t\t<div class=\"elementor-element elementor-element-9b8dda5 e-con-full e-flex e-con e-child\" data-id=\"9b8dda5\" data-element_type=\"container\">\n\t\t\t\t<div class=\"elementor-element elementor-element-a9bc82f elementor-widget elementor-widget-Banner_Left_Content\" data-id=\"a9bc82f\" data-element_type=\"widget\" data-widget_type=\"Banner_Left_Content.default\">\n\t\t\t\t<div class=\"elementor-widget-container\">\n\t\t\t\t\t            \r\n            <div class=\"banner-content text-start\" data-cues=\"fadeInUp\" data-group=\"images\">\r\n                                <h2>\r\n                    M\u00fccevher \u00dcretiminde G\u00fcvenilir Teknoloji                <\/h2>\r\n            <\/div>\r\n\r\n        \t\t\t\t<\/div>\n\t\t\t\t<\/div>\n\t\t\t\t<\/div>\n\t\t<div class=\"elementor-element elementor-element-7a53669 e-con-full e-flex e-con e-child\" data-id=\"7a53669\" data-element_type=\"container\">\n\t\t\t\t<div class=\"elementor-element elementor-element-8d6942b elementor-widget elementor-widget-text-editor\" data-id=\"8d6942b\" data-element_type=\"widget\" data-widget_type=\"text-editor.default\">\n\t\t\t\t<div class=\"elementor-widget-container\">\n\t\t\t\t\t\t\t\t\t<p>Y\u00fcksek m\u00fchendislik, yenilik\u00e7i \u00e7\u00f6z\u00fcmler ve k\u00fcresel deneyimle, end\u00fcstriyel \u00fcretimi bir \u00fcst seviyeye ta\u015f\u0131yoruz.<\/p>\t\t\t\t\t\t\t\t<\/div>\n\t\t\t\t<\/div>\n\t\t\t\t<div class=\"elementor-element elementor-element-7a5f7b1 elementor-hidden-desktop elementor-hidden-laptop elementor-hidden-tablet elementor-hidden-mobile_extra elementor-hidden-mobile elementor-widget elementor-widget-VixaButton\" data-id=\"7a5f7b1\" data-element_type=\"widget\" data-widget_type=\"VixaButton.default\">\n\t\t\t\t<div class=\"elementor-widget-container\">\n\t\t\t\t\t      \r\n                            \r\n                                    <div class=\"vixa-button-area button-left\">\r\n                        <a href=\"https:\/\/tueso.co\/en\/about-us\/\" class=\"default-btn\">\r\n                             \r\n                           \r\n                             \r\n                                <div class=\"icon-right\">\r\n                                    Get In Touch                                     \r\n                                                                                    <div class=\"one\">\r\n                                                <svg xmlns=\"http:\/\/www.w3.org\/2000\/svg\" width=\"10\" height=\"18\" viewBox=\"0 0 10 18\" fill=\"none\"><path d=\"M0.983998 0L0.0452881 0.935617L8.08343 9L0.0452881 17.0644L0.983998 18L9.95471 9L0.983998 0Z\" fill=\"white\"><\/path><\/svg>                                            <\/div>\r\n                                            <div class=\"two\">\r\n                                                <svg xmlns=\"http:\/\/www.w3.org\/2000\/svg\" width=\"10\" height=\"18\" viewBox=\"0 0 10 18\" fill=\"none\"><path d=\"M0.983998 0L0.0452881 0.935617L8.08343 9L0.0452881 17.0644L0.983998 18L9.95471 9L0.983998 0Z\" fill=\"white\"><\/path><\/svg>                                            <\/div>\r\n                                         \r\n                                     \r\n                                <\/div>\r\n                             \r\n                        <\/a>\r\n                    <\/div> \r\n                \r\n                \r\n\r\n        \t\t\t\t<\/div>\n\t\t\t\t<\/div>\n\t\t\t\t<\/div>\n\t\t\t\t\t<\/div>\n\t\t\t\t<\/div>\n\t\t<div class=\"elementor-element elementor-element-668f050 e-flex e-con-boxed e-con e-parent\" data-id=\"668f050\" data-element_type=\"container\">\n\t\t\t\t\t<div class=\"e-con-inner\">\n\t\t<div class=\"elementor-element elementor-element-d2e2b55 e-con-full e-flex e-con e-child\" data-id=\"d2e2b55\" data-element_type=\"container\">\n\t\t\t\t<div class=\"elementor-element elementor-element-af6d8eb elementor-widget elementor-widget-text-editor\" data-id=\"af6d8eb\" data-element_type=\"widget\" data-widget_type=\"text-editor.default\">\n\t\t\t\t<div class=\"elementor-widget-container\">\n\t\t\t\t\t\t\t\t\t<h3 data-start=\"0\" data-end=\"57\"><strong data-start=\"0\" data-end=\"57\">Production Solutions Shaped by Engineering Excellence<\/strong><\/h3><p data-start=\"59\" data-end=\"295\">Tueso is an engineering brand that designs and manufactures industrial machinery specifically for the jewelry industry.<br data-start=\"178\" data-end=\"181\" \/>With a focus on quality, durability, and user-friendly design, it meets the needs of manufacturers at every scale.<\/p><p data-start=\"297\" data-end=\"450\">Adopting high engineering standards at every stage from design to production, Tueso combines long-lasting solutions with a modern manufacturing approach.<\/p><p data-start=\"452\" data-end=\"600\">With our Istanbul-based production infrastructure and global vision, we offer reliable partnership to local and international jewelry professionals.<\/p><p data-start=\"602\" data-end=\"901\">By deeply understanding customer needs, we provide solutions tailored to both small workshops and large-scale production facilities.<br data-start=\"734\" data-end=\"737\" \/>Our product range includes the core technologies of jewelry manufacturing, from casting systems and burnout furnaces to wax injection machines and melting furnaces.<\/p><p data-start=\"903\" data-end=\"1017\" data-is-last-node=\"\" data-is-only-node=\"\">Our goal is to become an indispensable solution partner for jewelry workshops and production facilities worldwide.<\/p>\t\t\t\t\t\t\t\t<\/div>\n\t\t\t\t<\/div>\n\t\t\t\t<\/div>\n\t\t\t\t\t<\/div>\n\t\t\t\t<\/div>\n\t\t<div class=\"elementor-element elementor-element-4eb6f17 e-flex e-con-boxed e-con e-parent\" data-id=\"4eb6f17\" data-element_type=\"container\" data-settings=\"{&quot;background_background&quot;:&quot;gradient&quot;}\">\n\t\t\t\t\t<div class=\"e-con-inner\">\n\t\t<div class=\"elementor-element elementor-element-8e1ce25 e-con-full e-flex e-con e-child\" data-id=\"8e1ce25\" data-element_type=\"container\">\n\t\t\t\t<div class=\"elementor-element elementor-element-6d6ce41 elementor-view-default elementor-widget elementor-widget-icon\" data-id=\"6d6ce41\" data-element_type=\"widget\" data-widget_type=\"icon.default\">\n\t\t\t\t<div class=\"elementor-widget-container\">\n\t\t\t\t\t\t\t<div class=\"elementor-icon-wrapper\">\n\t\t\t<div class=\"elementor-icon\">\n\t\t\t<svg aria-hidden=\"true\" class=\"e-font-icon-svg e-far-eye\" viewBox=\"0 0 576 512\" xmlns=\"http:\/\/www.w3.org\/2000\/svg\"><path d=\"M288 144a110.94 110.94 0 0 0-31.24 5 55.4 55.4 0 0 1 7.24 27 56 56 0 0 1-56 56 55.4 55.4 0 0 1-27-7.24A111.71 111.71 0 1 0 288 144zm284.52 97.4C518.29 135.59 410.93 64 288 64S57.68 135.64 3.48 241.41a32.35 32.35 0 0 0 0 29.19C57.71 376.41 165.07 448 288 448s230.32-71.64 284.52-177.41a32.35 32.35 0 0 0 0-29.19zM288 400c-98.65 0-189.09-55-237.93-144C98.91 167 189.34 112 288 112s189.09 55 237.93 144C477.1 345 386.66 400 288 400z\"><\/path><\/svg>\t\t\t<\/div>\n\t\t<\/div>\n\t\t\t\t\t\t<\/div>\n\t\t\t\t<\/div>\n\t\t\t\t<div class=\"elementor-element elementor-element-c6d64a0 elementor-widget elementor-widget-text-editor\" data-id=\"c6d64a0\" data-element_type=\"widget\" data-widget_type=\"text-editor.default\">\n\t\t\t\t<div class=\"elementor-widget-container\">\n\t\t\t\t\t\t\t\t\t<h3 data-start=\"0\" data-end=\"14\"><span style=\"color: #ffffff;\"><strong data-start=\"0\" data-end=\"14\">Our Vision<\/strong><\/span><\/h3><p data-start=\"16\" data-end=\"200\">To become a global symbol of innovation, engineering, and trust by delivering high-quality, long-lasting jewelry manufacturing machines that meet the needs of producers at every scale.<\/p><p data-start=\"202\" data-end=\"324\" data-is-last-node=\"\" data-is-only-node=\"\">By bringing technology and design together in perfect harmony, we aim to become a preferred and inspiring brand worldwide.<\/p>\t\t\t\t\t\t\t\t<\/div>\n\t\t\t\t<\/div>\n\t\t\t\t<\/div>\n\t\t<div class=\"elementor-element elementor-element-6153833 e-con-full e-flex e-con e-child\" data-id=\"6153833\" data-element_type=\"container\">\n\t\t\t\t<div class=\"elementor-element elementor-element-e201bb1 elementor-view-default elementor-widget elementor-widget-icon\" data-id=\"e201bb1\" data-element_type=\"widget\" data-widget_type=\"icon.default\">\n\t\t\t\t<div class=\"elementor-widget-container\">\n\t\t\t\t\t\t\t<div class=\"elementor-icon-wrapper\">\n\t\t\t<div class=\"elementor-icon\">\n\t\t\t<svg aria-hidden=\"true\" class=\"e-font-icon-svg e-fas-mountain\" viewBox=\"0 0 640 512\" xmlns=\"http:\/\/www.w3.org\/2000\/svg\"><path d=\"M634.92 462.7l-288-448C341.03 5.54 330.89 0 320 0s-21.03 5.54-26.92 14.7l-288 448a32.001 32.001 0 0 0-1.17 32.64A32.004 32.004 0 0 0 32 512h576c11.71 0 22.48-6.39 28.09-16.67a31.983 31.983 0 0 0-1.17-32.63zM320 91.18L405.39 224H320l-64 64-38.06-38.06L320 91.18z\"><\/path><\/svg>\t\t\t<\/div>\n\t\t<\/div>\n\t\t\t\t\t\t<\/div>\n\t\t\t\t<\/div>\n\t\t\t\t<div class=\"elementor-element elementor-element-97f8aea elementor-widget elementor-widget-text-editor\" data-id=\"97f8aea\" data-element_type=\"widget\" data-widget_type=\"text-editor.default\">\n\t\t\t\t<div class=\"elementor-widget-container\">\n\t\t\t\t\t\t\t\t\t<div class=\"flex flex-col text-sm pb-25\"><article class=\"text-token-text-primary w-full focus:outline-none [--shadow-height:45px] has-data-writing-block:pointer-events-none has-data-writing-block:-mt-(--shadow-height) has-data-writing-block:pt-(--shadow-height) [&amp;:has([data-writing-block])&gt;*]:pointer-events-auto scroll-mt-[calc(var(--header-height)+min(200px,max(70px,20svh)))]\" dir=\"auto\" tabindex=\"-1\" data-turn-id=\"request-WEB:14589405-faee-4c6c-8e0f-ebb7f15e0f5d-2\" data-testid=\"conversation-turn-6\" data-scroll-anchor=\"true\" data-turn=\"assistant\"><div class=\"text-base my-auto mx-auto pb-10 [--thread-content-margin:--spacing(4)] @w-sm\/main:[--thread-content-margin:--spacing(6)] @w-lg\/main:[--thread-content-margin:--spacing(16)] px-(--thread-content-margin)\"><div class=\"[--thread-content-max-width:40rem] @w-lg\/main:[--thread-content-max-width:48rem] mx-auto max-w-(--thread-content-max-width) flex-1 group\/turn-messages focus-visible:outline-hidden relative flex w-full min-w-0 flex-col agent-turn\" tabindex=\"-1\"><div class=\"flex max-w-full flex-col grow\"><div class=\"min-h-8 text-message relative flex w-full flex-col items-end gap-2 text-start break-words whitespace-normal [.text-message+&amp;]:mt-1\" dir=\"auto\" data-message-author-role=\"assistant\" data-message-id=\"275b9681-a629-47f6-884b-65a34a6798b2\" data-message-model-slug=\"gpt-5-2\"><div class=\"flex w-full flex-col gap-1 empty:hidden first:pt-[1px]\"><div class=\"markdown prose dark:prose-invert w-full break-words dark markdown-new-styling\"><h3 data-start=\"0\" data-end=\"15\"><span style=\"color: #ffffff;\"><strong data-start=\"0\" data-end=\"15\">Our Mission<\/strong><\/span><\/h3><p data-start=\"17\" data-end=\"136\"><span style=\"color: #ffffff;\">We provide manufacturers operating in the jewelry industry with high-performance, durable, and user-friendly solutions.<\/span><\/p><p data-start=\"138\" data-end=\"334\" data-is-last-node=\"\" data-is-only-node=\"\"><span style=\"color: #ffffff;\">Through our R&amp;D, engineering, and quality-driven manufacturing approach, we aim to add value as a reliable, sustainable, and competitive business partner, from local markets to the global arena.<\/span><\/p><\/div><\/div><\/div><\/div><div class=\"z-0 flex min-h-[46px] justify-start\">\u00a0<\/div><div class=\"mt-3 w-full empty:hidden\"><div class=\"text-center\">\u00a0<\/div><\/div><\/div><\/div><\/article><\/div><div class=\"pointer-events-none h-px w-px absolute bottom-0\" aria-hidden=\"true\" data-edge=\"true\">\u00a0<\/div>\t\t\t\t\t\t\t\t<\/div>\n\t\t\t\t<\/div>\n\t\t\t\t<\/div>\n\t\t\t\t\t<\/div>\n\t\t\t\t<\/div>\n\t\t<div class=\"elementor-element elementor-element-7aef778 elementor-hidden-desktop elementor-hidden-laptop elementor-hidden-tablet elementor-hidden-mobile_extra elementor-hidden-mobile e-flex e-con-boxed e-con e-parent\" data-id=\"7aef778\" data-element_type=\"container\">\n\t\t\t\t\t<div class=\"e-con-inner\">\n\t\t\t\t<div class=\"elementor-element elementor-element-a4c3f55 elementor-widget elementor-widget-video-widget\" data-id=\"a4c3f55\" data-element_type=\"widget\" data-widget_type=\"video-widget.default\">\n\t\t\t\t<div class=\"elementor-widget-container\">\n\t\t\t\t\t\r\n        <!-- Start Industry Video Area -->\r\n        <div class=\"industry-video-area animat-zoom-out-minus overflow-hidden\">\r\n            <div class=\"container-fluid p-0\">\r\n                <div class=\"position-relative\">\r\n                    <img decoding=\"async\" src=\"https:\/\/tueso.co\/wp-content\/uploads\/2024\/09\/industry-video.webp\" class=\"img-animation animation-zoom-out-minus\" alt=\"images\">\r\n                    <div class=\"video-content\" data-cues=\"slideInUp\">\r\n                        <h3>\r\n                            Explore Our Factory Overview                        <\/h3>\r\n                                              \r\n                            <a href=\"https:\/\/www.youtube.com\/watch?v=nqye02H_H6I\" class=\"icon d-inline-block popup-video\">\r\n                                 \r\n                                     \r\n                                        <i class=\"flaticon-play-button one\"><\/i>\r\n                                      \r\n                                 \r\n                            <\/a>\r\n                        \r\n                                            <\/div>\r\n                <\/div>\r\n            <\/div>\r\n        <\/div>\r\n        <!-- End Industry Video Area -->\r\n\r\n        \t\t\t\t<\/div>\n\t\t\t\t<\/div>\n\t\t\t\t\t<\/div>\n\t\t\t\t<\/div>\n\t\t<div class=\"elementor-element elementor-element-bf9b03b partners-area elementor-hidden-desktop elementor-hidden-laptop elementor-hidden-tablet elementor-hidden-mobile_extra elementor-hidden-mobile e-flex e-con-boxed e-con e-parent\" data-id=\"bf9b03b\" data-element_type=\"container\">\n\t\t\t\t\t<div class=\"e-con-inner\">\n\t\t\t\t<div class=\"elementor-element elementor-element-b07a3e5 elementor-widget elementor-widget-text-editor\" data-id=\"b07a3e5\" data-element_type=\"widget\" data-widget_type=\"text-editor.default\">\n\t\t\t\t<div class=\"elementor-widget-container\">\n\t\t\t\t\t\t\t\t\t<p class=\"partner-title\" data-cues=\"slideInUp\">Embark on a journey of innovation and transformation with our Trusted Partner in Industry and Factory Solutions<\/p>\t\t\t\t\t\t\t\t<\/div>\n\t\t\t\t<\/div>\n\t\t\t\t<div class=\"elementor-element elementor-element-bd785d6 elementor-widget elementor-widget-Partner_Logo\" data-id=\"bd785d6\" data-element_type=\"widget\" data-widget_type=\"Partner_Logo.default\">\n\t\t\t\t<div class=\"elementor-widget-container\">\n\t\t\t\t\t\r\n                           \r\n                <div class=\"d-flex flex-wrap justify-content-center\" data-cues=\"slideInUp\">\r\n                                                                    <a href=\"#\" class=\"partners-single-item d-block\">\r\n                            <img decoding=\"async\" src=\"https:\/\/tueso.co\/wp-content\/uploads\/2024\/09\/partner-1.png\" alt=\"images\">\r\n                        <\/a>\r\n                                                                                            <a href=\"#\" class=\"partners-single-item d-block\">\r\n                            <img decoding=\"async\" src=\"https:\/\/tueso.co\/wp-content\/uploads\/2024\/09\/partner-2.png\" alt=\"images\">\r\n                        <\/a>\r\n                                                                                            <a href=\"#\" class=\"partners-single-item d-block\">\r\n                            <img decoding=\"async\" src=\"https:\/\/tueso.co\/wp-content\/uploads\/2024\/09\/partner-3.png\" alt=\"images\">\r\n                        <\/a>\r\n                                                                                            <a href=\"#\" class=\"partners-single-item d-block\">\r\n                            <img decoding=\"async\" src=\"https:\/\/tueso.co\/wp-content\/uploads\/2024\/09\/partner-4.png\" alt=\"images\">\r\n                        <\/a>\r\n                                                                                            <a href=\"#\" class=\"partners-single-item d-block\">\r\n                            <img decoding=\"async\" src=\"https:\/\/tueso.co\/wp-content\/uploads\/2024\/09\/partner-5.png\" alt=\"images\">\r\n                        <\/a>\r\n                                                                                            <a href=\"#\" class=\"partners-single-item d-block\">\r\n                            <img decoding=\"async\" src=\"https:\/\/tueso.co\/wp-content\/uploads\/2024\/09\/partner-6.png\" alt=\"images\">\r\n                        <\/a>\r\n                                                                                            <a href=\"#\" class=\"partners-single-item d-block\">\r\n                            <img decoding=\"async\" src=\"https:\/\/tueso.co\/wp-content\/uploads\/2024\/09\/partner-7.png\" alt=\"images\">\r\n                        <\/a>\r\n                                                                                            <a href=\"#\" class=\"partners-single-item d-block\">\r\n                            <img decoding=\"async\" src=\"https:\/\/tueso.co\/wp-content\/uploads\/2024\/09\/partner-8.png\" alt=\"images\">\r\n                        <\/a>\r\n                                                            <\/div>\r\n\r\n                       \r\n        \t\t\t\t<\/div>\n\t\t\t\t<\/div>\n\t\t\t\t\t<\/div>\n\t\t\t\t<\/div>\n\t\t<div class=\"elementor-element elementor-element-96404a6 e-flex e-con-boxed e-con e-parent\" data-id=\"96404a6\" data-element_type=\"container\">\n\t\t\t\t\t<div class=\"e-con-inner\">\n\t\t\t\t<div class=\"elementor-element elementor-element-316f52b elementor-widget elementor-widget-html\" data-id=\"316f52b\" data-element_type=\"widget\" data-widget_type=\"html.default\">\n\t\t\t\t<div class=\"elementor-widget-container\">\n\t\t\t\t\t<section class=\"tueso-cta-section\" style=\"\r\n    background: linear-gradient(90deg, #93003f, #bf004f);\r\n    padding:50px 30px;\r\n    border-radius:12px;\r\n    text-align:center;\r\n    color:#ffffff;\r\n    margin:40px 0;\r\n    box-shadow:0 8px 28px rgba(0,0,0,0.25);\r\n\">\r\n    \r\n    <h2 style=\"\r\n        font-size:32px;\r\n        font-weight:700;\r\n        margin-bottom:15px;\r\n        letter-spacing:-0.5px;\r\n        color:#ffffff;\r\n    \">\r\n        Empower Your Industrial Production\r\n    <\/h2>\r\n\r\n    <p style=\"\r\n        max-width:750px;\r\n        margin:0 auto 30px auto;\r\n        font-size:17px;\r\n        line-height:1.6;\r\n        color:rgba(255,255,255,0.85);\r\n    \">\r\n        Optimize your production with TUESO\u2019s high-performance machine solutions.\r\nOur technical team is by your side to identify the most suitable solution for your project.\r\n    <\/p>\r\n\r\n    <a href=\"https:\/\/tueso.co\/iletisim\/\" class=\"cta-default-btn\">\r\n        Hemen \u0130leti\u015fime Ge\u00e7\r\n    <\/a>\r\n\r\n<\/section>\r\n\t\t\t\t<\/div>\n\t\t\t\t<\/div>\n\t\t\t\t\t<\/div>\n\t\t\t\t<\/div>\n\t\t\t\t<\/div>\n\t\t","protected":false},"excerpt":{"rendered":"<p>M\u00fccevher \u00dcretiminde G\u00fcvenilir Teknoloji Y\u00fcksek m\u00fchendislik, yenilik\u00e7i \u00e7\u00f6z\u00fcmler ve k\u00fcresel deneyimle, end\u00fcstriyel \u00fcretimi bir \u00fcst seviyeye ta\u015f\u0131yoruz. Get In Touch Production Solutions Shaped by Engineering Excellence Tueso is an engineering brand that designs and manufactures industrial machinery specifically for the jewelry industry.With a focus on quality, durability, and user-friendly design, it meets the needs of <\/p>\n","protected":false},"author":1,"featured_media":0,"parent":0,"menu_order":0,"comment_status":"closed","ping_status":"closed","template":"","meta":{"_acf_changed":false,"footnotes":""},"class_list":["post-4859","page","type-page","status-publish","hentry"],"acf":[],"_links":{"self":[{"href":"https:\/\/tueso.co\/en\/wp-json\/wp\/v2\/pages\/4859","targetHints":{"allow":["GET"]}}],"collection":[{"href":"https:\/\/tueso.co\/en\/wp-json\/wp\/v2\/pages"}],"about":[{"href":"https:\/\/tueso.co\/en\/wp-json\/wp\/v2\/types\/page"}],"author":[{"embeddable":true,"href":"https:\/\/tueso.co\/en\/wp-json\/wp\/v2\/users\/1"}],"replies":[{"embeddable":true,"href":"https:\/\/tueso.co\/en\/wp-json\/wp\/v2\/comments?post=4859"}],"version-history":[{"count":23,"href":"https:\/\/tueso.co\/en\/wp-json\/wp\/v2\/pages\/4859\/revisions"}],"predecessor-version":[{"id":5025,"href":"https:\/\/tueso.co\/en\/wp-json\/wp\/v2\/pages\/4859\/revisions\/5025"}],"wp:attachment":[{"href":"https:\/\/tueso.co\/en\/wp-json\/wp\/v2\/media?parent=4859"}],"curies":[{"name":"wp","href":"https:\/\/api.w.org\/{rel}","templated":true}]}}